{"id":42,"date":"2010-08-05T11:22:21","date_gmt":"2010-08-05T09:22:21","guid":{"rendered":"http:\/\/kaufen-vom-bautraeger.scheuch.org\/?page_id=42"},"modified":"2010-08-14T18:08:10","modified_gmt":"2010-08-14T16:08:10","slug":"leseproben","status":"publish","type":"page","link":"https:\/\/kaufen-vom-bautraeger.scheuch.org\/?page_id=42","title":{"rendered":"Leseproben"},"content":{"rendered":"<p>Hier finden Sie Leseproben aus einzelnen Kapiteln des Buches &#8222;Kaufen vom Bautr\u00e4ger &#8211; ohne b\u00f6se \u00dcberraschungen&#8220; (Campus-Verlag).<\/p>\n<p><em> Flash muss aktiviert sein, um die Leseproben angezeigt zu bekommen.<\/em><\/p>\n<p><a href=\"http:\/\/kaufen-vom-bautraeger.scheuch.org\/wp-content\/uploads\/2010\/08\/inhalt.swf\">Inhaltsverzeichnis<\/a><\/p>\n<p><a href=\"http:\/\/kaufen-vom-bautraeger.scheuch.org\/wp-content\/uploads\/2010\/08\/Kapitel-1-Gruendlich-\u00dcberlegen.swf\">Kapitel 1 Gr\u00fcndlich \u00fcberlegen<\/a><\/p>\n<p><a href=\"http:\/\/kaufen-vom-bautraeger.scheuch.org\/wp-content\/uploads\/2010\/08\/Kapitel-2-Welches-Haus-h\u00e4tten-Sie-gerne.swf\">Kapitel 2 Welches Haus h\u00e4tten Sie gerne<\/a><\/p>\n<p><a href=\"http:\/\/kaufen-vom-bautraeger.scheuch.org\/wp-content\/uploads\/2010\/08\/Kapitel-3-Angebotsvergleich.swf\">Kapitel 3 Angebotsvergleich<\/a><\/p>\n<p><a href=\"http:\/\/kaufen-vom-bautraeger.scheuch.org\/wp-content\/uploads\/2010\/08\/Kapitel-4-Clevere-Finanzierung.swf\">Kapitel 4 Clevere Finanzierung<\/a><\/p>\n<p><a href=\"http:\/\/kaufen-vom-bautraeger.scheuch.org\/wp-content\/uploads\/2010\/08\/Kapitel-6-Die-Baubeschreibung.swf\">Kapitel 6 Die Baubeschreibung<\/a><\/p>\n<p><a href=\"http:\/\/kaufen-vom-bautraeger.scheuch.org\/wp-content\/uploads\/2010\/08\/Kapitel-7-Der-Kaufvertrag.swf\">Kapitel 7 Der Kaufvertrag<\/a><\/p>\n<p><a href=\"http:\/\/kaufen-vom-bautraeger.scheuch.org\/wp-content\/uploads\/2010\/08\/Kapitel-8-Baubegleitung.swf\">Kapitel 8 Baubegleitung<\/a><\/p>\n","protected":false},"excerpt":{"rendered":"<p>Hier finden Sie Leseproben aus einzelnen Kapiteln des Buches &#8222;Kaufen vom Bautr\u00e4ger &#8211; ohne b\u00f6se \u00dcberraschungen&#8220; (Campus-Verlag). Flash muss aktiviert sein, um die Leseproben angezeigt zu bekommen. Inhaltsverzeichnis Kapitel 1 Gr\u00fcndlich \u00fcberlegen Kapitel 2 Welches Haus h\u00e4tten Sie gerne Kapitel &hellip; <a href=\"https:\/\/kaufen-vom-bautraeger.scheuch.org\/?page_id=42\">Weiterlesen <span class=\"meta-nav\">&rarr;<\/span><\/a><\/p>\n","protected":false},"author":2,"featured_media":0,"parent":0,"menu_order":0,"comment_status":"open","ping_status":"open","template":"","meta":[],"_links":{"self":[{"href":"https:\/\/kaufen-vom-bautraeger.scheuch.org\/index.php?rest_route=\/wp\/v2\/pages\/42"}],"collection":[{"href":"https:\/\/kaufen-vom-bautraeger.scheuch.org\/index.php?rest_route=\/wp\/v2\/pages"}],"about":[{"href":"https:\/\/kaufen-vom-bautraeger.scheuch.org\/index.php?rest_route=\/wp\/v2\/types\/page"}],"author":[{"embeddable":true,"href":"https:\/\/kaufen-vom-bautraeger.scheuch.org\/index.php?rest_route=\/wp\/v2\/users\/2"}],"replies":[{"embeddable":true,"href":"https:\/\/kaufen-vom-bautraeger.scheuch.org\/index.php?rest_route=%2Fwp%2Fv2%2Fcomments&post=42"}],"version-history":[{"count":1,"href":"https:\/\/kaufen-vom-bautraeger.scheuch.org\/index.php?rest_route=\/wp\/v2\/pages\/42\/revisions"}],"predecessor-version":[{"id":43,"href":"https:\/\/kaufen-vom-bautraeger.scheuch.org\/index.php?rest_route=\/wp\/v2\/pages\/42\/revisions\/43"}],"wp:attachment":[{"href":"https:\/\/kaufen-vom-bautraeger.scheuch.org\/index.php?rest_route=%2Fwp%2Fv2%2Fmedia&parent=42"}],"curies":[{"name":"wp","href":"https:\/\/api.w.org\/{rel}","templated":true}]}}