{"id":41,"date":"2010-08-05T11:21:22","date_gmt":"2010-08-05T09:21:22","guid":{"rendered":"http:\/\/kaufen-vom-bautraeger.scheuch.org\/?page_id=41"},"modified":"2010-08-14T16:57:13","modified_gmt":"2010-08-14T14:57:13","slug":"checklistendownload","status":"publish","type":"page","link":"https:\/\/kaufen-vom-bautraeger.scheuch.org\/?page_id=41","title":{"rendered":"Checklisten\/Download"},"content":{"rendered":"<p>Hier finden Sie die Checklisten aus dem Buch zum Download und Ausdrucken, die PDF-Dokumente sind passwortgesch\u00fctzt. Sie finden das Passwort in der Einleitung zum Buch.<\/p>\n<p>Den PDF-Reader finden Sie kostenlos <a href=\"http:\/\/get.adobe.com\/de\/reader\/\" target=\"_blank\">hier<\/a>.<\/p>\n<p><strong>Kapitel 1<\/strong><\/p>\n<p><a href=\"http:\/\/kaufen-vom-bautraeger.scheuch.org\/wp-content\/uploads\/2010\/08\/tabelle1.pdf\">Tabelle 1: Raumgr\u00f6\u00dfen Ist-Zustand und Wunschgr\u00f6\u00dfen<\/a><\/p>\n<p><a href=\"http:\/\/kaufen-vom-bautraeger.scheuch.org\/wp-content\/uploads\/2010\/08\/tabelle5.pdf\">Tabelle 5: Kostenmatrix f\u00fcr die vorl\u00e4ufige Kalkulation<\/a><\/p>\n<p><a href=\"http:\/\/kaufen-vom-bautraeger.scheuch.org\/wp-content\/uploads\/2010\/08\/tabelle1.8.pdf\">Tabelle 8: Einnahmen\u00fcbersicht<\/a><\/p>\n<p><a href=\"http:\/\/kaufen-vom-bautraeger.scheuch.org\/wp-content\/uploads\/2010\/08\/tabelle1.9.pdf\">Tabelle 9: Monatliche Ausgaben <\/a><\/p>\n<p><a href=\"http:\/\/kaufen-vom-bautraeger.scheuch.org\/wp-content\/uploads\/2010\/08\/tabelle1.10.pdf\"><a href=\"http:\/\/kaufen-vom-bautraeger.scheuch.org\/wp-content\/uploads\/2010\/08\/tabelle1.10.pdf\">Tabellen 10 &#8211; 13 Zur Einnahmen\/Ausgabensituation<\/a><\/a><\/p>\n<p><strong>Kapitel Angebotsvergleich und Bautr\u00e4gercheck<br \/>\n<\/strong><\/p>\n<p><a href=\"http:\/\/kaufen-vom-bautraeger.scheuch.org\/wp-content\/uploads\/2010\/08\/tabelle16.doc\">Tabelle 16: Checkliste zur Lage <\/a><\/p>\n<p><a href=\"http:\/\/kaufen-vom-bautraeger.scheuch.org\/wp-content\/uploads\/2010\/08\/tabelle17.pdf\">Tabelle 17: Checkliste Bautr\u00e4gerinformationen <\/a><\/p>\n<p><strong>Kapitel Clever Finanzieren<\/strong><\/p>\n<p><a href=\"http:\/\/kaufen-vom-bautraeger.scheuch.org\/wp-content\/uploads\/2010\/08\/tabelle19.pdf\">Tabelle 19: Ausrechnen der Belastbarkeit des Einkommens<\/a><\/p>\n<p><strong>Anhang<\/strong><\/p>\n<p><a href=\"http:\/\/kaufen-vom-bautraeger.scheuch.org\/wp-content\/uploads\/2010\/08\/Besuchsprotokoll-Referenzobjekte.pdf\">Besuchsprotokoll Referenzobjekte<\/a><\/p>\n<p><a href=\"http:\/\/kaufen-vom-bautraeger.scheuch.org\/wp-content\/uploads\/2010\/08\/Checkliste-Baubeschreibung.pdf\">Checkliste Baubeschreibung<\/a><\/p>\n<p><strong><br \/>\n<\/strong><\/p>\n","protected":false},"excerpt":{"rendered":"<p>Hier finden Sie die Checklisten aus dem Buch zum Download und Ausdrucken, die PDF-Dokumente sind passwortgesch\u00fctzt. Sie finden das Passwort in der Einleitung zum Buch. Den PDF-Reader finden Sie kostenlos hier. Kapitel 1 Tabelle 1: Raumgr\u00f6\u00dfen Ist-Zustand und Wunschgr\u00f6\u00dfen Tabelle &hellip; <a href=\"https:\/\/kaufen-vom-bautraeger.scheuch.org\/?page_id=41\">Weiterlesen <span class=\"meta-nav\">&rarr;<\/span><\/a><\/p>\n","protected":false},"author":2,"featured_media":0,"parent":0,"menu_order":0,"comment_status":"open","ping_status":"open","template":"","meta":[],"_links":{"self":[{"href":"https:\/\/kaufen-vom-bautraeger.scheuch.org\/index.php?rest_route=\/wp\/v2\/pages\/41"}],"collection":[{"href":"https:\/\/kaufen-vom-bautraeger.scheuch.org\/index.php?rest_route=\/wp\/v2\/pages"}],"about":[{"href":"https:\/\/kaufen-vom-bautraeger.scheuch.org\/index.php?rest_route=\/wp\/v2\/types\/page"}],"author":[{"embeddable":true,"href":"https:\/\/kaufen-vom-bautraeger.scheuch.org\/index.php?rest_route=\/wp\/v2\/users\/2"}],"replies":[{"embeddable":true,"href":"https:\/\/kaufen-vom-bautraeger.scheuch.org\/index.php?rest_route=%2Fwp%2Fv2%2Fcomments&post=41"}],"version-history":[{"count":1,"href":"https:\/\/kaufen-vom-bautraeger.scheuch.org\/index.php?rest_route=\/wp\/v2\/pages\/41\/revisions"}],"predecessor-version":[{"id":49,"href":"https:\/\/kaufen-vom-bautraeger.scheuch.org\/index.php?rest_route=\/wp\/v2\/pages\/41\/revisions\/49"}],"wp:attachment":[{"href":"https:\/\/kaufen-vom-bautraeger.scheuch.org\/index.php?rest_route=%2Fwp%2Fv2%2Fmedia&parent=41"}],"curies":[{"name":"wp","href":"https:\/\/api.w.org\/{rel}","templated":true}]}}