{"id":2,"date":"2010-07-09T09:06:00","date_gmt":"2010-07-09T07:06:00","guid":{"rendered":"http:\/\/kaufen-vom-bautraeger.scheuch.org\/?page_id=2"},"modified":"2010-08-25T08:46:24","modified_gmt":"2010-08-25T06:46:24","slug":"eine-seite","status":"publish","type":"page","link":"https:\/\/kaufen-vom-bautraeger.scheuch.org\/?page_id=2","title":{"rendered":"Das Buch"},"content":{"rendered":"<div id=\"attachment_8\" style=\"width: 209px\" class=\"wp-caption alignleft\"><a href=\"http:\/\/kaufen-vom-bautraeger.scheuch.org\/wp-content\/uploads\/2010\/07\/kaufenvom_gross.jpg\"><img aria-describedby=\"caption-attachment-8\" loading=\"lazy\" class=\"size-medium wp-image-8 \" style=\"margin: 5px;\" title=\"Kaufen vom Bautr\u00e4ger\" src=\"http:\/\/kaufen-vom-bautraeger.scheuch.org\/wp-content\/uploads\/2010\/07\/kaufenvom_gross-199x300.jpg\" alt=\"Kaufen vom Bautr\u00e4ger\" width=\"199\" height=\"300\" srcset=\"https:\/\/kaufen-vom-bautraeger.scheuch.org\/wp-content\/uploads\/2010\/07\/kaufenvom_gross-199x300.jpg 199w, https:\/\/kaufen-vom-bautraeger.scheuch.org\/wp-content\/uploads\/2010\/07\/kaufenvom_gross-682x1024.jpg 682w, https:\/\/kaufen-vom-bautraeger.scheuch.org\/wp-content\/uploads\/2010\/07\/kaufenvom_gross.jpg 1181w\" sizes=\"(max-width: 199px) 100vw, 199px\" \/><\/a><p id=\"caption-attachment-8\" class=\"wp-caption-text\">Kaufen vom Bautr\u00e4ger<\/p><\/div>\n<p>Rund 61 Prozent aller neuen Einfamilienh\u00e4user in Deutschland wurden nach Sch\u00e4tzungen des Bundesverbandes freier Immobilien- und Wohnungsunternehmen im Jahr 2008 durch Bautr\u00e4ger erstellt. In vielen Baugebieten gibt es gar keine Alternative mehr zum Bautr\u00e4-gerkauf, denn diese werden h\u00e4ufig von der jeweiligen Kommune mit der Erschlie\u00dfung und Vermarktung beauftragt.<br \/>\nInsbesondere bei Doppel- und Reihenhausprojekten ist es mittlerweile fast immer ein Bautr\u00e4ger, der die Grundlagen f\u00fcr den Woh-nungsbau legt. Die Besitzer von Bauland haben es nun einmal gerne mit nur einem K\u00e4ufer zu tun, und der Bautr\u00e4ger nimmt ihnen das Gel\u00e4nde komplett ab, erschlie\u00dft es sowie plant die Bebauung.<br \/>\nGerade f\u00fcr H\u00e4uslebauer mit beschr\u00e4nktem Budget gibt es kaum eine Alternative zum Bautr\u00e4ger.<\/p>\n<p>In dieser Situation soll dieser Ratgeber dabei helfen, die richtigen Entscheidungen bei der Projektauswahl zu treffen, Vertrags- und andere Fallen zu erkennen und insgeasamt den Wissensvorsprung des Bautr\u00e4gers vor dem K\u00e4ufer zu vermindern. Er soll die Augen f\u00fcr die wichtigen Fragen rund um das Gesch\u00e4ft \u00f6ffnen und zu einem selbstbewussteren Auftreten verhelfen.<\/p>\n<p>In den Phasen Haussuche, Vertragsverhandlungen, Bau und Bau-Abnahme gibt das Buch Checklisten und \u00dcbersichten an die Hand, damit die voraussichtlich gr\u00f6\u00dfte Investition im Leben nicht zu einem Alptraum wird.<\/p>\n","protected":false},"excerpt":{"rendered":"<p>Rund 61 Prozent aller neuen Einfamilienh\u00e4user in Deutschland wurden nach Sch\u00e4tzungen des Bundesverbandes freier Immobilien- und Wohnungsunternehmen im Jahr 2008 durch Bautr\u00e4ger erstellt. In vielen Baugebieten gibt es gar keine Alternative mehr zum Bautr\u00e4-gerkauf, denn diese werden h\u00e4ufig von der &hellip; <a href=\"https:\/\/kaufen-vom-bautraeger.scheuch.org\/?page_id=2\">Weiterlesen <span class=\"meta-nav\">&rarr;<\/span><\/a><\/p>\n","protected":false},"author":2,"featured_media":0,"parent":0,"menu_order":0,"comment_status":"open","ping_status":"open","template":"","meta":[],"_links":{"self":[{"href":"https:\/\/kaufen-vom-bautraeger.scheuch.org\/index.php?rest_route=\/wp\/v2\/pages\/2"}],"collection":[{"href":"https:\/\/kaufen-vom-bautraeger.scheuch.org\/index.php?rest_route=\/wp\/v2\/pages"}],"about":[{"href":"https:\/\/kaufen-vom-bautraeger.scheuch.org\/index.php?rest_route=\/wp\/v2\/types\/page"}],"author":[{"embeddable":true,"href":"https:\/\/kaufen-vom-bautraeger.scheuch.org\/index.php?rest_route=\/wp\/v2\/users\/2"}],"replies":[{"embeddable":true,"href":"https:\/\/kaufen-vom-bautraeger.scheuch.org\/index.php?rest_route=%2Fwp%2Fv2%2Fcomments&post=2"}],"version-history":[{"count":2,"href":"https:\/\/kaufen-vom-bautraeger.scheuch.org\/index.php?rest_route=\/wp\/v2\/pages\/2\/revisions"}],"predecessor-version":[{"id":4,"href":"https:\/\/kaufen-vom-bautraeger.scheuch.org\/index.php?rest_route=\/wp\/v2\/pages\/2\/revisions\/4"}],"wp:attachment":[{"href":"https:\/\/kaufen-vom-bautraeger.scheuch.org\/index.php?rest_route=%2Fwp%2Fv2%2Fmedia&parent=2"}],"curies":[{"name":"wp","href":"https:\/\/api.w.org\/{rel}","templated":true}]}}